{"id":5774,"date":"2021-01-07T13:09:23","date_gmt":"2021-01-07T12:09:23","guid":{"rendered":"https:\/\/luxvillacroatia.com\/?page_id=5774"},"modified":"2021-01-07T13:11:13","modified_gmt":"2021-01-07T12:11:13","slug":"nacin-i-opci-uvjeti","status":"publish","type":"page","link":"https:\/\/luxvillacroatia.com\/en\/nacin-i-opci-uvjeti\/","title":{"rendered":"NA\u010cIN I OP\u0106I UVJETI"},"content":{"rendered":"<p>Ovi uvjeti opisuju pravila i propise za upotrebu web stranice Luxury Villas Croatia koja se nalazi na https:\/\/luxvillacroatia.com.<\/p>\n<p>Pristupanjem ovom web mjestu pretpostavljamo da prihva\u0107ate ove uvjete i odredbe. U protivnom, nemojte nastaviti koristiti Luxury Villas Croatia web stranicu ako se ne sla\u017eete s prihva\u0107anjem svih odredbi i uvjeta navedenih na ovoj stranici.<\/p>\n<p>Sljede\u0107a se terminologija odnosi na ove Uvjete i odredbe, Izjavu o privatnosti i Obavijest o odricanju odgovornosti te na sve Ugovore: \u201eKlijent\u201c, \u201eVi\u201c i \u201eVa\u0161a\u201c odnosi se na vas, osobu ili va\u0161u tvrtku koja se prijavljuje na ovu web stranicu i u skladu s uvjetima i odredbama tvrtke. &#8220;Tvrtka&#8221;, &#8220;Mi sami&#8221;, &#8220;Mi&#8221;, &#8220;Na\u0161i&#8221; i &#8220;Mi&#8221; odnosi se na na\u0161u tvrtku. &#8220;Stranka&#8221;, &#8220;Stranke&#8221; ili &#8220;Mi&#8221; odnosi se i na Klijenta i na nas same. Svi se uvjeti odnose na ponudu, prihva\u0107anje i razmatranje pla\u0107anja potrebnih za provo\u0111enje postupka pru\u017eanja na\u0161e pomo\u0107i Klijentu na najprikladniji na\u010din u izri\u010ditu svrhu zadovoljenja potreba Klijenta u pogledu pru\u017eanja navedenih usluga Dru\u0161tva, u skladu s i podlije\u017ee va\u017ee\u0107em zakonu Republike Hrvatske. Bilo koja upotreba gornje terminologije ili drugih rije\u010di u jednini, mno\u017eini, pisanju velikih slova i \/ ili on \/ ona ili oni, uzimaju se kao zamjenjivi i stoga se odnose na istu.<\/p>\n<h3>Kola\u010di\u0107i<\/h3>\n<p>Koristimo upotrebu kola\u010di\u0107a. Pristupanjem stranici https:\/\/luxvillacroatia.com pristali ste na upotrebu kola\u010di\u0107a u skladu s Pravilima o privatnosti Luxury Villa Croatia web stranice.<\/p>\n<p>Ve\u0107ina interaktivnih web stranica koristi kola\u010di\u0107e kako bi vam omogu\u0107ili kvalitetniji i pristupa\u010dniju uslugu i pristup korisni\u010dkim podacima za svaki posjet. Na\u0161a web stranica koristi kola\u010di\u0107e kako bi omogu\u0107ila funkcionalnost odre\u0111enih podru\u010dja te kako bi olak\u0161ala upravljanje i dostupnost web stranice na\u0161im posjetiteljima.<\/p>","protected":false},"excerpt":{"rendered":"<p>Ovi uvjeti opisuju pravila i propise za upotrebu web stranice Luxury Villas Croatia koja se nalazi na https:\/\/luxvillacroatia.com. Pristupanjem ovom web mjestu pretpostavljamo da prihva\u0107ate ove uvjete i odredbe. U protivnom, nemojte nastaviti koristiti Luxury Villas Croatia web stranicu ako se ne sla\u017eete s prihva\u0107anjem svih odredbi i uvjeta navedenih na ovoj stranici. Sljede\u0107a se [&hellip;]<\/p>","protected":false},"author":2,"featured_media":0,"parent":0,"menu_order":0,"comment_status":"closed","ping_status":"closed","template":"","meta":{"footnotes":""},"class_list":["post-5774","page","type-page","status-publish","hentry"],"_links":{"self":[{"href":"https:\/\/luxvillacroatia.com\/en\/wp-json\/wp\/v2\/pages\/5774","targetHints":{"allow":["GET"]}}],"collection":[{"href":"https:\/\/luxvillacroatia.com\/en\/wp-json\/wp\/v2\/pages"}],"about":[{"href":"https:\/\/luxvillacroatia.com\/en\/wp-json\/wp\/v2\/types\/page"}],"author":[{"embeddable":true,"href":"https:\/\/luxvillacroatia.com\/en\/wp-json\/wp\/v2\/users\/2"}],"replies":[{"embeddable":true,"href":"https:\/\/luxvillacroatia.com\/en\/wp-json\/wp\/v2\/comments?post=5774"}],"version-history":[{"count":2,"href":"https:\/\/luxvillacroatia.com\/en\/wp-json\/wp\/v2\/pages\/5774\/revisions"}],"predecessor-version":[{"id":5777,"href":"https:\/\/luxvillacroatia.com\/en\/wp-json\/wp\/v2\/pages\/5774\/revisions\/5777"}],"wp:attachment":[{"href":"https:\/\/luxvillacroatia.com\/en\/wp-json\/wp\/v2\/media?parent=5774"}],"curies":[{"name":"wp","href":"https:\/\/api.w.org\/{rel}","templated":true}]}}